{"id":14,"date":"2016-10-03T11:44:52","date_gmt":"2016-10-03T11:44:52","guid":{"rendered":"http:\/\/site.matuzi.pt\/?page_id=14"},"modified":"2026-01-21T18:52:58","modified_gmt":"2026-01-21T18:52:58","slug":"home","status":"publish","type":"page","link":"https:\/\/matuzi.com\/es\/","title":{"rendered":"Home"},"content":{"rendered":"<p>[vc_row type=\u00bbvc_default\u00bb margin_top=\u00bb0&#8243; css=\u00bb.vc_custom_1475577439352{margin-top: -50px !important;padding-top: 0px !important;}\u00bb][vc_column][rev_slider_vc alias=\u00bbhomeslider\u00bb][\/vc_column][\/vc_row][vc_row type=\u00bbvc_default\u00bb full_width=\u00bbstretch_row\u00bb css=\u00bb.vc_custom_1475685286879{border-bottom-width: 30px !important;padding-top: 30px !important;padding-bottom: 50px !important;border-bottom-color: #00b1d8 !important;border-bottom-style: solid !important;}\u00bb el_id=\u00bbempresa\u00bb][vc_column][vc_custom_heading text=\u00bbMatuzi, Calidad Alimentaria.<br \/>\n\u00bb font_container=\u00bbtag:h2|text_align:left|color:%2300b1d8&#8243; use_theme_fonts=\u00bbyes\u00bb][vc_column_text]<\/p>\n<p data-start=\"0\" data-end=\"251\">Matuzi comercializa y distribuye productos alimentarios de alta calidad, ofreciendo todo tipo de soluciones e iniciativas a trav\u00e9s de sus distintos formatos y asesoramiento t\u00e9cnico al sector alimentario en general.<\/p>\n<p data-start=\"253\" data-end=\"519\">Los valores que hacen de Matuzi una marca de confianza para cualquier profesional se basan en su compromiso permanente con la calidad, su vocaci\u00f3n innovadora, la pasi\u00f3n por la tradici\u00f3n, una amplia gama de productos y la alta calidad en la prestaci\u00f3n de servicios.<\/p>\n<p data-start=\"521\" data-end=\"796\" data-is-last-node=\"\">As\u00ed, y en estrecha colaboraci\u00f3n con nuestros clientes y socios, nos comprometemos a preservar siempre la calidad y la tradici\u00f3n, innovando a trav\u00e9s de la creatividad, generando valor para nuestros clientes, as\u00ed como satisfaciendo y fidelizando, d\u00eda a d\u00eda, a los consumidores.<\/p>\n<p>[\/vc_column_text][\/vc_column][\/vc_row][vc_row type=\u00bbvc_default\u00bb full_width=\u00bbstretch_row\u00bb bg_type=\u00bbimage\u00bb css=\u00bb.vc_custom_1739960905166{margin-top: 0px !important;padding-top: 50px !important;padding-bottom: 50px !important;background-color: #000000 !important;}\u00bb][vc_column][vc_row_inner el_id=\u00bbmissao\u00bb][vc_column_inner][vc_custom_heading text=\u00bbMisi\u00f3n\u00bb font_container=\u00bbtag:h2|text_align:center|color:%23ffffff\u00bb use_theme_fonts=\u00bbyes\u00bb][vc_column_text]<\/p>\n<p style=\"color: white; text-align: center;\">Producir y distribuir productos alimentarios de alta calidad basados en una estrategia de innovaci\u00f3n que contin\u00fae asegurando la confianza depositada por nuestros clientes, proveedores y colaboradores.<\/p>\n<p>[\/vc_column_text][vc_custom_heading text=\u00bbVisi\u00f3n\u00bb font_container=\u00bbtag:h2|text_align:center|color:%23ffffff\u00bb use_theme_fonts=\u00bbyes\u00bb][vc_column_text]<\/p>\n<p style=\"color: white; text-align: center;\">Crecer de forma sostenible y estructurada a la vanguardia de las buenas pr\u00e1cticas empresariales, sociales y medioambientales, garantizando la capacidad de ofrecer a las personas que prueban nuestros productos sabores \u00fanicos.<\/p>\n<p>[\/vc_column_text]<style type=\"text\/css\">#dt-btn-1, #dt-btn-1 > .text-wrap * {color: #00b1d8;}#dt-btn-1:hover, #dt-btn-1:hover > .text-wrap * {color: #000000;}<\/style><div class=\"text-centered\"><a href=\"#produtos\" class=\"btn-shortcode dt-btn-m dt-btn btn-light custom-btn-color custom-btn-hover-color default-btn-bg-color default-btn-bg-hover-color anchor-link margin15\" id=\"dt-btn-1\"><span>Nuestros productos<\/span><\/a><\/div>[\/vc_column_inner][\/vc_row_inner][\/vc_column][\/vc_row][vc_row margin_top=\u00bb20&#8243; anchor=\u00bbprodutos\u00bb][vc_column][vc_custom_heading text=\u00bbProductos de Calidad\u00bb font_container=\u00bbtag:h1|font_size:51|text_align:center|color:%23939393&#8243; google_fonts=\u00bbfont_family:Lato%3A100%2C100italic%2C300%2C300italic%2Cregular%2Citalic%2C700%2C700italic%2C900%2C900italic|font_style:300%20light%20regular%3A300%3Anormal\u00bb][vc_custom_heading text=\u00bbMatuzi comercializa y distribuye productos alimentarios de alta calidad,<br \/>\nofreciendo todo tipo de soluciones para usted.\u00bb font_container=\u00bbtag:h4|font_size:20|text_align:center|color:%23a0a0a0&#8243; google_fonts=\u00bbfont_family:Lato%3A100%2C100italic%2C300%2C300italic%2Cregular%2Citalic%2C700%2C700italic%2C900%2C900italic|font_style:300%20light%20regular%3A300%3Anormal\u00bb][vc_single_image image=\u00bb1278&#8243; img_size=\u00bbfull\u00bb alignment=\u00bbcenter\u00bb]<div class=\"ult-just-icon-wrapper  \"><div class=\"align-icon\" style=\"text-align:center;\">\n<a class=\"aio-tooltip 69efb87358d77\" href = \"#produtos\" target='' data-toggle=\"tooltip\" data-placement=\"\" title=\"\"><div class=\"aio-icon none \"  style=\"color:#707070;font-size:32px;display:inline-block;\">\n\t<i class=\"Defaults-chevron-down\"><\/i>\n<\/div><\/a><\/div><\/div>[vc_custom_heading text=\u00bbCont\u00e1ctenos para conocer nuestra amplia gama de productos&#8230;\u00bb font_container=\u00bbtag:h3|font_size:25|text_align:center|color:%23828282&#8243; google_fonts=\u00bbfont_family:Lato%3A100%2C100italic%2C300%2C300italic%2Cregular%2Citalic%2C700%2C700italic%2C900%2C900italic|font_style:300%20light%20regular%3A300%3Anormal\u00bb css=\u00bb.vc_custom_1739963404982{padding-top: 50px !important;padding-bottom: 50px !important;}\u00bb]<div id=\"ult-carousel-10091524769efb87358df3\" class=\"ult-carousel-wrapper   ult_horizontal\" data-gutter=\"15\" data-rtl=\"false\" ><div class=\"ult-carousel-17302966469efb87358d97 \" >[vc_single_image image=\u00bb1235&#8243; img_size=\u00bbfull\u00bb][vc_single_image image=\u00bb1236&#8243; img_size=\u00bb155&#215;208&#8243;][vc_single_image image=\u00bb1237&#8243; img_size=\u00bb155&#215;208&#8243;][vc_single_image image=\u00bb1238&#8243; img_size=\u00bb208&#215;208&#8243;][vc_single_image image=\u00bb1239&#8243; img_size=\u00bbfull\u00bb][vc_single_image image=\u00bb1240&#8243; img_size=\u00bbfull\u00bb][vc_single_image image=\u00bb1241&#8243; img_size=\u00bbfull\u00bb][vc_single_image image=\u00bb1242&#8243; img_size=\u00bbfull\u00bb][vc_single_image image=\u00bb1243&#8243; img_size=\u00bb208&#215;208&#8243;][vc_single_image image=\u00bb1244&#8243; img_size=\u00bb208&#215;208&#8243;][vc_single_image image=\u00bb1245&#8243; img_size=\u00bb208&#215;208&#8243;][vc_single_image image=\u00bb1246&#8243; img_size=\u00bb208&#215;208&#8243;][vc_single_image image=\u00bb1248&#8243; img_size=\u00bb155&#215;208&#8243;][vc_single_image image=\u00bb1249&#8243; img_size=\u00bb155&#215;208&#8243;][vc_single_image image=\u00bb1250&#8243; img_size=\u00bb155&#215;208&#8243;][vc_single_image image=\u00bb1251&#8243; img_size=\u00bb155&#215;208&#8243;][vc_single_image image=\u00bb1252&#8243; img_size=\u00bb155&#215;208&#8243;][vc_single_image image=\u00bb1253&#8243; img_size=\u00bb155&#215;208&#8243;][vc_single_image image=\u00bb1254&#8243; img_size=\u00bb155&#215;208&#8243;][vc_single_image image=\u00bb1255&#8243; img_size=\u00bb155&#215;208&#8243;][vc_single_image image=\u00bb1256&#8243; img_size=\u00bbfull\u00bb][vc_single_image image=\u00bb1258&#8243; img_size=\u00bbfull\u00bb][vc_single_image image=\u00bb1259&#8243; img_size=\u00bbfull\u00bb][vc_single_image image=\u00bb1260&#8243; img_size=\u00bbfull\u00bb][vc_single_image image=\u00bb1261&#8243; img_size=\u00bbfull\u00bb]<\/div><\/div>            <script type=\"text\/javascript\">\r\n\t\t\t\tjQuery(document).ready(function($){\r\n               \t\t$('.ult-carousel-17302966469efb87358d97').slick({dots: false,autoplay: true,autoplaySpeed: 2000,speed: 300,infinite: true,arrows: true,nextArrow: '<button type=\"button\" style=\"color:#333333; font-size:20px;\" class=\"slick-next default\"><i class=\"ultsl-arrow-right4\"><\/i><\/button>',prevArrow: '<button type=\"button\" style=\"color:#333333; font-size:20px;\" class=\"slick-prev default\"><i class=\"ultsl-arrow-left4\"><\/i><\/button>',slidesToScroll:1,slidesToShow:4,swipe: true,draggable: true,touchMove: true,responsive: [\r\n\t\t\t\t\t\t\t{\r\n\t\t\t\t\t\t\t  breakpoint: 1025,\r\n\t\t\t\t\t\t\t  settings: {\r\n\t\t\t\t\t\t\t\tslidesToShow: 4,\r\n\t\t\t\t\t\t\t\tslidesToScroll: 1,  \r\n\t\t\t\t\t\t\t  }\r\n\t\t\t\t\t\t\t},\r\n\t\t\t\t\t\t\t{\r\n\t\t\t\t\t\t\t  breakpoint: 769,\r\n\t\t\t\t\t\t\t  settings: {\r\n\t\t\t\t\t\t\t\tslidesToShow: 3,\r\n\t\t\t\t\t\t\t\tslidesToScroll: 3\r\n\t\t\t\t\t\t\t  }\r\n\t\t\t\t\t\t\t},\r\n\t\t\t\t\t\t\t{\r\n\t\t\t\t\t\t\t  breakpoint: 481,\r\n\t\t\t\t\t\t\t  settings: {\r\n\t\t\t\t\t\t\t\tslidesToShow: 2,\r\n\t\t\t\t\t\t\t\tslidesToScroll: 2\r\n\t\t\t\t\t\t\t  }\r\n\t\t\t\t\t\t\t}\r\n\t\t\t\t\t\t],pauseOnHover: true,\r\n\t\t\t\t\t\tpauseOnDotsHover: true,customPaging: function(slider, i) {\r\n                   return '<i type=\"button\" style=\"color:#333333;\" class=\"ultsl-record\" data-role=\"none\"><\/i>';\r\n                },});\r\n\t\t\t\t});\r\n\t\t\t<\/script>\r\n            [vc_empty_space]<style type=\"text\/css\">#dt-btn-2, #dt-btn-2 > .text-wrap * {color: #00b1d8;}#dt-btn-2:hover {color: #000000;background: #888888;}#dt-btn-2:hover > .text-wrap * {color: #000000;}<\/style><div class=\"text-centered\"><a href=\"https:\/\/portal.matuzi.pt\/menu_artigos_contacto.php\" class=\"btn-shortcode dt-btn-m dt-btn light-bg-btn custom-btn-color custom-btn-hover-color default-btn-bg-color anchor-link\" target=\"_blank\" id=\"dt-btn-2\"><span>Ver el resto de la gama de productos<\/span><\/a><\/div>[vc_empty_space][\/vc_column][\/vc_row][vc_row type=\u00bbvc_default\u00bb full_width=\u00bbstretch_row\u00bb css=\u00bb.vc_custom_1739960801998{padding-top: 40px !important;padding-bottom: 40px !important;background-color: #ffffff !important;}\u00bb][vc_column][vc_custom_heading text=\u00bb&#8230;e conhe\u00e7a algumas das marcas que temos para si:\u00bb font_container=\u00bbtag:h2|text_align:center|color:%23ffffff\u00bb google_fonts=\u00bbfont_family:Lato%3A100%2C100italic%2C300%2C300italic%2Cregular%2Citalic%2C700%2C700italic%2C900%2C900italic|font_style:300%20light%20regular%3A300%3Anormal\u00bb css=\u00bb.vc_custom_1475506535080{padding-bottom: 20px !important;}\u00bb][vc_row_inner][vc_column_inner width=\u00bb1\/6&#8243;][vc_single_image image=\u00bb1271&#8243; img_size=\u00bb175&#215;175&#8243;][\/vc_column_inner][vc_column_inner width=\u00bb1\/6&#8243;][vc_single_image image=\u00bb1230&#8243; img_size=\u00bb175&#215;175&#8243;][\/vc_column_inner][vc_column_inner width=\u00bb1\/6&#8243;][vc_single_image image=\u00bb1227&#8243; img_size=\u00bb175&#215;175&#8243;][\/vc_column_inner][vc_column_inner width=\u00bb1\/6&#8243;][vc_single_image image=\u00bb1164&#8243; img_size=\u00bb175&#215;175&#8243;][\/vc_column_inner][vc_column_inner width=\u00bb1\/6&#8243;][vc_single_image image=\u00bb1228&#8243; img_size=\u00bb175&#215;175&#8243;][\/vc_column_inner][vc_column_inner width=\u00bb1\/6&#8243;][vc_single_image image=\u00bb1152&#8243; img_size=\u00bb175&#215;175&#8243;][\/vc_column_inner][\/vc_row_inner][vc_row_inner][vc_column_inner width=\u00bb1\/6&#8243;][vc_single_image image=\u00bb1161&#8243; img_size=\u00bb175&#215;175&#8243;][\/vc_column_inner][vc_column_inner width=\u00bb1\/6&#8243;][vc_single_image image=\u00bb169&#8243; img_size=\u00bb175&#215;175&#8243;][\/vc_column_inner][vc_column_inner width=\u00bb1\/6&#8243;][vc_single_image image=\u00bb1149&#8243; img_size=\u00bb175&#215;175&#8243;][\/vc_column_inner][vc_column_inner width=\u00bb1\/6&#8243;][\/vc_column_inner][vc_column_inner width=\u00bb1\/6&#8243;][\/vc_column_inner][vc_column_inner width=\u00bb1\/6&#8243;][\/vc_column_inner][\/vc_row_inner]<div class=\"ult-just-icon-wrapper  \"><div class=\"align-icon\" style=\"text-align:center;\">\n<a class=\"aio-tooltip 69efb87358e6a\" href = \"#produtos\" target='' data-toggle=\"tooltip\" data-placement=\"\" title=\"\"><div class=\"aio-icon none \"  style=\"color:#707070;font-size:32px;display:inline-block;\">\n\t<i class=\"Defaults-chevron-down\"><\/i>\n<\/div><\/a><\/div><\/div>[\/vc_column][\/vc_row][vc_row type=\u00bbvc_default\u00bb full_width=\u00bbstretch_row\u00bb bg_type=\u00bbimage\u00bb parallax_style=\u00bbvcpb-default\u00bb bg_image_new=\u00bbid^112|url^http:\/\/matuzi.pt\/wp-content\/uploads\/2016\/10\/29ee79_155569d987d4400b80d445faee65470c-mv2_d_5472_3648_s_4_2.jpg|caption^null|alt^null|title^29ee79_155569d987d4400b80d445faee65470c-mv2_d_5472_3648_s_4_2|description^null\u00bb css=\u00bb.vc_custom_1475514486311{padding-top: 30px !important;padding-bottom: 30px !important;}\u00bb][vc_column][vc_row_inner css=\u00bb.vc_custom_1475685325194{padding-right: 20px !important;padding-left: 20px !important;}\u00bb el_id=\u00bbhigiene\u00bb][vc_column_inner width=\u00bb1\/2&#8243;][\/vc_column_inner][vc_column_inner width=\u00bb1\/2&#8243; css=\u00bb.vc_custom_1475514825485{padding-right: 50px !important;padding-left: 50px !important;background-color: rgba(255,255,255,0.8) !important;*background-color: rgb(255,255,255) !important;}\u00bb][vc_custom_heading text=\u00bbHigiene y Seguridad<br \/>\n\u00bb font_container=\u00bbtag:h2|text_align:left|color:%2300b1d8&#8243; google_fonts=\u00bbfont_family:Lato%3A100%2C100italic%2C300%2C300italic%2Cregular%2Citalic%2C700%2C700italic%2C900%2C900italic|font_style:900%20bold%20regular%3A900%3Anormal\u00bb][vc_column_text el_class=\u00bbblocotexto\u00bb]<\/p>\n<p data-start=\"0\" data-end=\"475\">La higiene y la seguridad alimentaria son principios fundamentales que rigen toda nuestra empresa. Desde la adquisici\u00f3n de las materias primas hasta la entrega final de los productos, cumplimos con una serie de normas y procedimientos que garantizan la total eficiencia de Matuzi en este \u00e1mbito. A trav\u00e9s de un riguroso sistema de autocontrol, se lleva a cabo una constante recopilaci\u00f3n de datos y una monitorizaci\u00f3n exhaustiva de todo el proceso.<\/p>\n<p data-start=\"477\" data-end=\"753\">En el marco de nuestro Sistema de Gesti\u00f3n de la Seguridad Alimentaria, hemos definido nuestra pol\u00edtica de seguridad alimentaria teniendo en cuenta la importante posici\u00f3n que Matuzi ocupa en esta rama de la cadena alimentaria. Esta pol\u00edtica se basa en los siguientes pilares:<\/p>\n<p data-start=\"755\" data-end=\"948\">\u25cf Garant\u00eda de la calidad y seguridad alimentaria;<br data-start=\"804\" data-end=\"807\" \/>\u25cf Autonom\u00eda y legalidad;<br data-start=\"831\" data-end=\"834\" \/>\u25cf Responsabilidad;<br data-start=\"852\" data-end=\"855\" \/>\u25cf Satisfacci\u00f3n de clientes y consumidores;<br data-start=\"897\" data-end=\"900\" \/>\u25cf Compromiso con todos los socios comerciales.<\/p>\n<p data-start=\"950\" data-end=\"1227\">De este modo, la higiene y la seguridad alimentaria se convierten para nosotros en un factor esencial en el proceso de creaci\u00f3n de valor y en la identidad de la empresa, siendo uno de los pilares fundamentales de la estrategia de Matuzi y de su posicionamiento en el mercado.<\/p>\n<p>[\/vc_column_text][\/vc_column_inner][\/vc_row_inner][\/vc_column][\/vc_row][vc_row type=\u00bbvc_default\u00bb full_width=\u00bbstretch_row\u00bb bg_type=\u00bbbg_color\u00bb css=\u00bb.vc_custom_1475685346279{padding-top: 00px !important;padding-right: 50px !important;padding-bottom: 00px !important;padding-left: 50px !important;background: #00b1d8 url(http:\/\/matuzi.pt\/wp-content\/uploads\/2016\/10\/29ee79_724ecc09e17149e1a99a81b3405957be.png?id=121) !important;background-position: 0 0 !important;background-repeat: no-repeat !important;}\u00bb bg_color_value=\u00bb#00b1d8&#8243; el_id=\u00bblogistica\u00bb][vc_column width=\u00bb1\/2&#8243;][vc_single_image image=\u00bb183&#8243; img_size=\u00bbfull\u00bb alignment=\u00bbright\u00bb css=\u00bb.vc_custom_1475595151430{margin-bottom: 0px !important;padding-bottom: 0px !important;}\u00bb][\/vc_column][vc_column width=\u00bb1\/2&#8243; css=\u00bb.vc_custom_1475595204770{padding-top: 80px !important;padding-bottom: 40px !important;}\u00bb][vc_custom_heading text=\u00bbLog\u00edstica\u00bb font_container=\u00bbtag:h2|text_align:left|color:%23ffffff\u00bb google_fonts=\u00bbfont_family:Lato%3A100%2C100italic%2C300%2C300italic%2Cregular%2Citalic%2C700%2C700italic%2C900%2C900italic|font_style:900%20bold%20regular%3A900%3Anormal\u00bb][vc_column_text]<\/p>\n<p style=\"color: white;\">CCon distribuci\u00f3n diaria en varias zonas del norte de Portugal y Espa\u00f1a, garantizamos una respuesta r\u00e1pida en nuestras entregas, utilizando transporte debidamente equipado para cumplir con todos los requisitos de calidad.<\/p>\n<p>[\/vc_column_text][vc_row_inner][vc_column_inner]<style type=\"text\/css\">#dt-btn-3, #dt-btn-3 > .text-wrap * {color: #00b1d8;}#dt-btn-3:hover, #dt-btn-3:hover > .text-wrap * {color: #000000;}<\/style><a href=\"#clientes\" class=\"btn-shortcode dt-btn-m dt-btn btn-light custom-btn-color custom-btn-hover-color default-btn-bg-color default-btn-bg-hover-color anchor-link\" id=\"dt-btn-3\"><span>Sea nuestro cliente<\/span><\/a>[\/vc_column_inner][\/vc_row_inner][vc_row_inner][vc_column_inner]<style type=\"text\/css\">#dt-btn-4, #dt-btn-4 > .text-wrap * {color: #00b1d8;}#dt-btn-4:hover, #dt-btn-4:hover > .text-wrap * {color: #000000;}<\/style><a href=\"https:\/\/matuzi.pt\/es\/contactos\/\" class=\"btn-shortcode dt-btn-m dt-btn btn-light custom-btn-color custom-btn-hover-color default-btn-bg-color default-btn-bg-hover-color anchor-link\" id=\"dt-btn-4\"><span>Cont\u00e1ctenos para m\u00e1s informaci\u00f3n.<\/span><\/a>[\/vc_column_inner][\/vc_row_inner][\/vc_column][\/vc_row][vc_row type=\u00bbvc_default\u00bb full_width=\u00bbstretch_row\u00bb css=\u00bb.vc_custom_1475603800450{padding-top: 150px !important;padding-bottom: 150px !important;background-image: url(http:\/\/matuzi.pt\/wp-content\/uploads\/2016\/10\/29ee79_cff292e5c2ae4e7aa2cb04dd21ea4a49.jpg?id=123) !important;background-position: center !important;background-repeat: no-repeat !important;background-size: cover !important;}\u00bb][vc_column][\/vc_column][\/vc_row][vc_row type=\u00bbvc_default\u00bb full_width=\u00bbstretch_row\u00bb bg_type=\u00bbimage\u00bb parallax_style=\u00bbvcpb-default\u00bb bg_image_new=\u00bbid^1301|url^https:\/\/matuzi.com\/wp-content\/uploads\/2025\/03\/horeca.jpg|caption^null|alt^null|title^horeca|description^null\u00bb bg_image_repeat=\u00bbno-repeat\u00bb css=\u00bb.vc_custom_1742813423892{padding-bottom: 415px !important;background-image: url(https:\/\/matuzi.com\/wp-content\/uploads\/2025\/03\/horeca2.jpg?id=1305) !important;background-position: center !important;background-repeat: no-repeat !important;background-size: contain !important;}\u00bb el_id=\u00bbclientes\u00bb][vc_column][vc_custom_heading text=\u00bbNuestros Clientes\u00bb font_container=\u00bbtag:h1|font_size:70|text_align:center|color:%23ffffff\u00bb google_fonts=\u00bbfont_family:Lato%3A100%2C100italic%2C300%2C300italic%2Cregular%2Citalic%2C700%2C700italic%2C900%2C900italic|font_style:300%20light%20regular%3A300%3Anormal\u00bb][vc_column_text]<\/p>\n<p style=\"text-align: center; color: white; font-size: 14px;\">Matuzi sigue una pol\u00edtica de cercan\u00eda con sus clientes, asegurando que, en un sector caracterizado por altas exigencias en cuanto a calidad y conservaci\u00f3n de los productos, estos nunca est\u00e9n solos frente a cualquier problema que pueda surgir.<\/p>\n<p style=\"text-align: center; color: white; font-size: 14px;\">AAdoptamos un enfoque diferenciado que se adapta a las necesidades de nuestros clientes. Ayudamos a resolver problemas t\u00e9cnicos y buscamos las mejores soluciones de entrega seg\u00fan las caracter\u00edsticas y ubicaci\u00f3n de cada cliente. Nos enorgullece saber que cada vez m\u00e1s somos considerados un socio comercial de m\u00e1xima confianza.<\/p>\n<p>[\/vc_column_text][\/vc_column][\/vc_row]<\/p>\n","protected":false},"excerpt":{"rendered":"<p>[vc_row type=\u00bbvc_default\u00bb margin_top=\u00bb0&#8243; css=\u00bb.vc_custom_1475577439352{margin-top: -50px !important;padding-top: 0px !important;}\u00bb][vc_column][rev_slider_vc alias=\u00bbhomeslider\u00bb][\/vc_column][\/vc_row][vc_row type=\u00bbvc_default\u00bb full_width=\u00bbstretch_row\u00bb css=\u00bb.vc_custom_1475685286879{border-bottom-width: 30px !important;padding-top: 30px !important;padding-bottom: 50px !important;border-bottom-color: #00b1d8 !important;border-bottom-style: solid !important;}\u00bb el_id=\u00bbempresa\u00bb][vc_column][vc_custom_heading text=\u00bbMatuzi, Calidad Alimentaria. \u00bb font_container=\u00bbtag:h2|text_align:left|color:%2300b1d8&#8243; use_theme_fonts=\u00bbyes\u00bb][vc_column_text] Matuzi comercializa y distribuye productos alimentarios de alta calidad, ofreciendo todo tipo de soluciones e iniciativas a trav\u00e9s de sus distintos formatos y asesoramiento t\u00e9cnico al&hellip;<\/p>\n","protected":false},"author":1,"featured_media":0,"parent":0,"menu_order":0,"comment_status":"closed","ping_status":"closed","template":"template-microsite.php","meta":[],"class_list":["post-14","page","type-page","status-publish","hentry","description-off"],"_links":{"self":[{"href":"https:\/\/matuzi.com\/es\/wp-json\/wp\/v2\/pages\/14","targetHints":{"allow":["GET"]}}],"collection":[{"href":"https:\/\/matuzi.com\/es\/wp-json\/wp\/v2\/pages"}],"about":[{"href":"https:\/\/matuzi.com\/es\/wp-json\/wp\/v2\/types\/page"}],"author":[{"embeddable":true,"href":"https:\/\/matuzi.com\/es\/wp-json\/wp\/v2\/users\/1"}],"replies":[{"embeddable":true,"href":"https:\/\/matuzi.com\/es\/wp-json\/wp\/v2\/comments?post=14"}],"version-history":[{"count":139,"href":"https:\/\/matuzi.com\/es\/wp-json\/wp\/v2\/pages\/14\/revisions"}],"predecessor-version":[{"id":1355,"href":"https:\/\/matuzi.com\/es\/wp-json\/wp\/v2\/pages\/14\/revisions\/1355"}],"wp:attachment":[{"href":"https:\/\/matuzi.com\/es\/wp-json\/wp\/v2\/media?parent=14"}],"curies":[{"name":"wp","href":"https:\/\/api.w.org\/{rel}","templated":true}]}}