{"id":143,"date":"2016-10-04T08:59:41","date_gmt":"2016-10-04T08:59:41","guid":{"rendered":"http:\/\/site.matuzi.pt\/?page_id=143"},"modified":"2026-01-21T18:29:18","modified_gmt":"2026-01-21T18:29:18","slug":"junte-se-a-nos","status":"publish","type":"page","link":"https:\/\/matuzi.com\/es\/junte-se-a-nos\/","title":{"rendered":"Junte-se a n\u00f3s"},"content":{"rendered":"<p>[vc_row type=\u00bbvc_default\u00bb full_width=\u00bbstretch_row\u00bb css=\u00bb.vc_custom_1769017659468{margin-top: -50px !important;padding-top: 150px !important;padding-bottom: 150px !important;background-image: url(https:\/\/matuzi.com\/wp-content\/uploads\/2016\/10\/29ee79_1d9c8f46e22e4e0a88873b1bbdb6134c.jpg?id=191) !important;background-position: center !important;background-repeat: no-repeat !important;background-size: cover !important;}\u00bb][vc_column][\/vc_column][\/vc_row][vc_row][vc_column][vc_custom_heading text=\u00bbJunte-se a n\u00f3s\u00bb font_container=\u00bbtag:h2|text_align:left|color:%231fb3c4&#8243; google_fonts=\u00bbfont_family:Lato%3A100%2C100italic%2C300%2C300italic%2Cregular%2Citalic%2C700%2C700italic%2C900%2C900italic|font_style:900%20bold%20regular%3A900%3Anormal\u00bb][vc_column_text]<\/p>\n<p class=\"p1\">Na Matuzi mantemos um forte compromisso com a qualidade e o atendimento personalizado aos nossos clientes.<\/p>\n<p class=\"p1\">Acreditamos que o nosso sucesso come\u00e7a nas pessoas que fazem parte da nossa equipa.<\/p>\n<p class=\"p1\">Investimos de forma cont\u00ednua no desenvolvimento dos nossos colaboradores, atrav\u00e9s de forma\u00e7\u00e3o, valoriza\u00e7\u00e3o profissional e melhoria constante dos nossos recursos t\u00e9cnicos.<\/p>\n<p class=\"p1\">Se procura um desafio profissional num ambiente din\u00e2mico e orientado para o sucesso, convidamo-lo a juntar-se \u00e0 Matuzi.<\/p>\n<p>[\/vc_column_text][\/vc_column][\/vc_row][vc_row type=\u00bbvc_default\u00bb bg_type=\u00bbbg_color\u00bb bg_color_value=\u00bb#f2f2f2&#8243;][vc_column width=\u00bb1\/6&#8243; css=\u00bb.vc_custom_1475614477894{padding-top: 35px !important;}\u00bb][vc_icon icon_fontawesome=\u00bbfa fa-file-pdf-o\u00bb color=\u00bbpeacoc\u00bb size=\u00bbxl\u00bb align=\u00bbcenter\u00bb link=\u00bburl:http%3A%2F%2Fmatuzi.pt%2Fwp-content%2Fuploads%2F2016%2F10%2Ffichacv_matuzi.pdf||target:%20_blank|rel:nofollow\u00bb][\/vc_column][vc_column width=\u00bb5\/6&#8243;][vc_column_text]<\/p>\n<div id=\"hztx3o34\" class=\"s8\" data-reactid=\".0.$SITE_ROOT.$desktop_siteRoot.$PAGES_CONTAINER.1.1.$SITE_PAGES.$cgxu.1.$hzu11xrl.1.$hztx3o34\">\n<p class=\"font_7\"><strong><span class=\"color_16\">Fa\u00e7a o download da nossa Ficha de Candidatura, preencha-a e envie-a para <a href=\"mailto:rh@matuzi.pt\">rh@matuzi.pt<\/a><\/span><\/strong><\/p>\n<\/div>\n<p>[\/vc_column_text]<style type=\"text\/css\">#dt-btn-1, #dt-btn-1 > .text-wrap * {color: #21a4d3;}#dt-btn-1:hover, #dt-btn-1:hover > .text-wrap * {color: #595959;}<\/style><a href=\"https:\/\/matuzi.com\/wp-content\/uploads\/2020\/10\/Ficha-Candidatura1.pdf\" class=\"btn-shortcode dt-btn-m dt-btn btn-light custom-btn-color custom-btn-hover-color default-btn-bg-color default-btn-bg-hover-color\" target=\"_blank\" id=\"dt-btn-1\"><span>Descarregar Ficha<\/span><\/a>[\/vc_column][\/vc_row]<\/p>\n","protected":false},"excerpt":{"rendered":"<p>[vc_row type=\u00bbvc_default\u00bb full_width=\u00bbstretch_row\u00bb css=\u00bb.vc_custom_1769017659468{margin-top: -50px !important;padding-top: 150px !important;padding-bottom: 150px !important;background-image: url(https:\/\/matuzi.com\/wp-content\/uploads\/2016\/10\/29ee79_1d9c8f46e22e4e0a88873b1bbdb6134c.jpg?id=191) !important;background-position: center !important;background-repeat: no-repeat !important;background-size: cover !important;}\u00bb][vc_column][\/vc_column][\/vc_row][vc_row][vc_column][vc_custom_heading text=\u00bbJunte-se a n\u00f3s\u00bb font_container=\u00bbtag:h2|text_align:left|color:%231fb3c4&#8243; google_fonts=\u00bbfont_family:Lato%3A100%2C100italic%2C300%2C300italic%2Cregular%2Citalic%2C700%2C700italic%2C900%2C900italic|font_style:900%20bold%20regular%3A900%3Anormal\u00bb][vc_column_text] Na Matuzi mantemos um forte compromisso com a qualidade e o atendimento personalizado aos nossos clientes. Acreditamos que o nosso sucesso come\u00e7a nas pessoas que fazem parte da nossa equipa. Investimos de&hellip;<\/p>\n","protected":false},"author":1,"featured_media":0,"parent":0,"menu_order":0,"comment_status":"closed","ping_status":"closed","template":"template-microsite.php","meta":[],"class_list":["post-143","page","type-page","status-publish","hentry","description-off"],"_links":{"self":[{"href":"https:\/\/matuzi.com\/es\/wp-json\/wp\/v2\/pages\/143","targetHints":{"allow":["GET"]}}],"collection":[{"href":"https:\/\/matuzi.com\/es\/wp-json\/wp\/v2\/pages"}],"about":[{"href":"https:\/\/matuzi.com\/es\/wp-json\/wp\/v2\/types\/page"}],"author":[{"embeddable":true,"href":"https:\/\/matuzi.com\/es\/wp-json\/wp\/v2\/users\/1"}],"replies":[{"embeddable":true,"href":"https:\/\/matuzi.com\/es\/wp-json\/wp\/v2\/comments?post=143"}],"version-history":[{"count":19,"href":"https:\/\/matuzi.com\/es\/wp-json\/wp\/v2\/pages\/143\/revisions"}],"predecessor-version":[{"id":1349,"href":"https:\/\/matuzi.com\/es\/wp-json\/wp\/v2\/pages\/143\/revisions\/1349"}],"wp:attachment":[{"href":"https:\/\/matuzi.com\/es\/wp-json\/wp\/v2\/media?parent=143"}],"curies":[{"name":"wp","href":"https:\/\/api.w.org\/{rel}","templated":true}]}}